{"id":2613,"date":"2019-12-30T19:41:04","date_gmt":"2019-12-30T19:41:04","guid":{"rendered":"https:\/\/smashcasinos.com\/?page_id=2613"},"modified":"2022-05-23T19:43:00","modified_gmt":"2022-05-23T19:43:00","slug":"juegos-de-apuestas-online","status":"publish","type":"page","link":"https:\/\/smashcasinos.com\/es\/","title":{"rendered":"Casinos Online"},"content":{"rendered":"\n<p>Confiar en tu sitio web de apuestas online es realmente\nimportante, porque si haces un movimiento incorrecto, terminar\u00e1s en un sitio\nenga\u00f1oso y podr\u00edas perder mucho m\u00e1s que un vuelto de bolsillo. Posiblemente dar\u00e1s\nal sitio web tus datos de cuenta bancaria, por no mencionar el dinero que\ningresar\u00e1s para hacer tu primer desp\u00f3sito. Realmente, compensa estar seguro de\ncon qui\u00e9n est\u00e1s tratando antes de abrir tu cuenta digital. En pos de hacer un\npoco la tarea, es conveniente asegurarse de hacer la investigaci\u00f3n requerida antes\nde involucrarse de lleno.<\/p>\n\n\n\n<p>\u00a1Enhorabuena! \u00a1Nosotros hemos hecho todo el trabajo duro para ti! Todos los sitios web de SmashCasinos.com que te mostramos aqu\u00ed tienen su licencia, est\u00e1n regulados y son seguros para registrarse. No s\u00f3lo eso, sino que todos ofrecen una amplia selecci\u00f3n de juegos de apuestas y retiros r\u00e1pidos.&nbsp; Puedes leer nuestras exhaustivas <a href=\"https:\/\/smashcasinos.com\/es\/online-casinos\/\">recomendaciones de casinos online<\/a> as\u00ed como <a href=\"https:\/\/smashcasinos.com\/es\/online-slots\/\">de juegos de tragamonedas gratis<\/a> y c\u00f3mo jugar a la <a href=\"https:\/\/smashcasinos.com\/es\/online-roulette\/\">ruleta<\/a> y al <a href=\"https:\/\/smashcasinos.com\/es\/online-blackjack\/\">blackjack<\/a>. <\/p>\n","protected":false},"excerpt":{"rendered":"<p>Confiar en tu sitio web de apuestas online es realmente importante, porque si haces un movimiento incorrecto, terminar\u00e1s en un sitio enga\u00f1oso y podr\u00edas perder mucho m\u00e1s que un vuelto de bolsillo. Posiblemente dar\u00e1s al sitio web tus datos de cuenta bancaria, por no mencionar el dinero que ingresar\u00e1s para hacer tu primer desp\u00f3sito. Realmente, &hellip; <a href=\"https:\/\/smashcasinos.com\/es\/\">Continued<\/a><\/p>\n","protected":false},"author":1,"featured_media":0,"parent":0,"menu_order":0,"comment_status":"closed","ping_status":"closed","template":"","meta":{"footnotes":""},"class_list":["post-2613","page","type-page","status-publish","hentry"],"yoast_head":"<!-- This site is optimized with the Yoast SEO Premium plugin v24.3 (Yoast SEO v24.3) - https:\/\/yoast.com\/wordpress\/plugins\/seo\/ -->\n<title>Casinos Online Espa\u00f1a (2022) | Mejores Sitios de Casino<\/title>\n<meta name=\"description\" content=\"Enumeramos los mejores sitios web de casinos en l\u00ednea disponibles para unirse en Espa\u00f1a. Juega juegos de casino de los mejores casinos en l\u00ednea.\" \/>\n<meta name=\"robots\" content=\"index, follow, max-snippet:-1, max-image-preview:large, max-video-preview:-1\" \/>\n<link rel=\"canonical\" href=\"https:\/\/smashcasinos.com\/es\/\" \/>\n<meta property=\"og:locale\" content=\"es_ES\" \/>\n<meta property=\"og:type\" content=\"article\" \/>\n<meta property=\"og:title\" content=\"Casinos Online\" \/>\n<meta property=\"og:description\" content=\"Enumeramos los mejores sitios web de casinos en l\u00ednea disponibles para unirse en Espa\u00f1a. Juega juegos de casino de los mejores casinos en l\u00ednea.\" \/>\n<meta property=\"og:url\" content=\"https:\/\/smashcasinos.com\/es\/\" \/>\n<meta property=\"og:site_name\" content=\"Home\" \/>\n<meta property=\"article:modified_time\" content=\"2022-05-23T19:43:00+00:00\" \/>\n<meta name=\"twitter:card\" content=\"summary_large_image\" \/>\n<meta name=\"twitter:label1\" content=\"Est. reading time\" \/>\n\t<meta name=\"twitter:data1\" content=\"1 minute\" \/>\n<script type=\"application\/ld+json\" class=\"yoast-schema-graph\">{\"@context\":\"https:\/\/schema.org\",\"@graph\":[{\"@type\":\"WebPage\",\"@id\":\"https:\/\/smashcasinos.com\/es\/\",\"url\":\"https:\/\/smashcasinos.com\/es\/\",\"name\":\"Casinos Online Espa\u00f1a (2022) | Mejores Sitios de Casino\",\"isPartOf\":{\"@id\":\"https:\/\/david.test\/#website\"},\"datePublished\":\"2019-12-30T19:41:04+00:00\",\"dateModified\":\"2022-05-23T19:43:00+00:00\",\"description\":\"Enumeramos los mejores sitios web de casinos en l\u00ednea disponibles para unirse en Espa\u00f1a. Juega juegos de casino de los mejores casinos en l\u00ednea.\",\"breadcrumb\":{\"@id\":\"https:\/\/smashcasinos.com\/es\/#breadcrumb\"},\"inLanguage\":\"es-ES\",\"potentialAction\":[{\"@type\":\"ReadAction\",\"target\":[\"https:\/\/smashcasinos.com\/es\/\"]}]},{\"@type\":\"BreadcrumbList\",\"@id\":\"https:\/\/smashcasinos.com\/es\/#breadcrumb\",\"itemListElement\":[{\"@type\":\"ListItem\",\"position\":1,\"name\":\"Home\",\"item\":\"https:\/\/david.test\/\"},{\"@type\":\"ListItem\",\"position\":2,\"name\":\"Casinos Online\"}]},{\"@type\":\"WebSite\",\"@id\":\"https:\/\/david.test\/#website\",\"url\":\"https:\/\/david.test\/\",\"name\":\"Home\",\"description\":\"SmashCasinos\",\"publisher\":{\"@id\":\"https:\/\/david.test\/#organization\"},\"potentialAction\":[{\"@type\":\"SearchAction\",\"target\":{\"@type\":\"EntryPoint\",\"urlTemplate\":\"https:\/\/david.test\/?s={search_term_string}\"},\"query-input\":{\"@type\":\"PropertyValueSpecification\",\"valueRequired\":true,\"valueName\":\"search_term_string\"}}],\"inLanguage\":\"es-ES\"},{\"@type\":\"Organization\",\"@id\":\"https:\/\/david.test\/#organization\",\"name\":\"SmashCasinos\",\"url\":\"https:\/\/david.test\/\",\"logo\":{\"@type\":\"ImageObject\",\"inLanguage\":\"es-ES\",\"@id\":\"https:\/\/david.test\/#\/schema\/logo\/image\/\",\"url\":\"https:\/\/smashcasinos.com\/wp-content\/uploads\/2021\/01\/smash-casinos-inverted.png\",\"contentUrl\":\"https:\/\/smashcasinos.com\/wp-content\/uploads\/2021\/01\/smash-casinos-inverted.png\",\"width\":1734,\"height\":388,\"caption\":\"SmashCasinos\"},\"image\":{\"@id\":\"https:\/\/david.test\/#\/schema\/logo\/image\/\"}}]}<\/script>\n<!-- \/ Yoast SEO Premium plugin. -->","yoast_head_json":{"title":"Casinos Online Espa\u00f1a (2022) | Mejores Sitios de Casino","description":"Enumeramos los mejores sitios web de casinos en l\u00ednea disponibles para unirse en Espa\u00f1a. Juega juegos de casino de los mejores casinos en l\u00ednea.","robots":{"index":"index","follow":"follow","max-snippet":"max-snippet:-1","max-image-preview":"max-image-preview:large","max-video-preview":"max-video-preview:-1"},"canonical":"https:\/\/smashcasinos.com\/es\/","og_locale":"es_ES","og_type":"article","og_title":"Casinos Online","og_description":"Enumeramos los mejores sitios web de casinos en l\u00ednea disponibles para unirse en Espa\u00f1a. Juega juegos de casino de los mejores casinos en l\u00ednea.","og_url":"https:\/\/smashcasinos.com\/es\/","og_site_name":"Home","article_modified_time":"2022-05-23T19:43:00+00:00","twitter_card":"summary_large_image","twitter_misc":{"Est. reading time":"1 minute"},"schema":{"@context":"https:\/\/schema.org","@graph":[{"@type":"WebPage","@id":"https:\/\/smashcasinos.com\/es\/","url":"https:\/\/smashcasinos.com\/es\/","name":"Casinos Online Espa\u00f1a (2022) | Mejores Sitios de Casino","isPartOf":{"@id":"https:\/\/david.test\/#website"},"datePublished":"2019-12-30T19:41:04+00:00","dateModified":"2022-05-23T19:43:00+00:00","description":"Enumeramos los mejores sitios web de casinos en l\u00ednea disponibles para unirse en Espa\u00f1a. Juega juegos de casino de los mejores casinos en l\u00ednea.","breadcrumb":{"@id":"https:\/\/smashcasinos.com\/es\/#breadcrumb"},"inLanguage":"es-ES","potentialAction":[{"@type":"ReadAction","target":["https:\/\/smashcasinos.com\/es\/"]}]},{"@type":"BreadcrumbList","@id":"https:\/\/smashcasinos.com\/es\/#breadcrumb","itemListElement":[{"@type":"ListItem","position":1,"name":"Home","item":"https:\/\/david.test\/"},{"@type":"ListItem","position":2,"name":"Casinos Online"}]},{"@type":"WebSite","@id":"https:\/\/david.test\/#website","url":"https:\/\/david.test\/","name":"Home","description":"SmashCasinos","publisher":{"@id":"https:\/\/david.test\/#organization"},"potentialAction":[{"@type":"SearchAction","target":{"@type":"EntryPoint","urlTemplate":"https:\/\/david.test\/?s={search_term_string}"},"query-input":{"@type":"PropertyValueSpecification","valueRequired":true,"valueName":"search_term_string"}}],"inLanguage":"es-ES"},{"@type":"Organization","@id":"https:\/\/david.test\/#organization","name":"SmashCasinos","url":"https:\/\/david.test\/","logo":{"@type":"ImageObject","inLanguage":"es-ES","@id":"https:\/\/david.test\/#\/schema\/logo\/image\/","url":"https:\/\/smashcasinos.com\/wp-content\/uploads\/2021\/01\/smash-casinos-inverted.png","contentUrl":"https:\/\/smashcasinos.com\/wp-content\/uploads\/2021\/01\/smash-casinos-inverted.png","width":1734,"height":388,"caption":"SmashCasinos"},"image":{"@id":"https:\/\/david.test\/#\/schema\/logo\/image\/"}}]}},"cmb2":{"smashcasinos_slot_options":{"smashcasinos_slot_provider":"","smashcasinos_slot_fcasinos":"","smashcasinos_slot_casinos":"","smashcasinos_slot_demo_iframe":"","smashcasinos_slot_demo_bg_image":"","smashcasinos_slot_demo_bg_image_id":"","smashcasinos_slot_demo_bg_color":"","smashcasinos_slot_demo_preview_image":"","smashcasinos_slot_demo_preview_image_id":"","smashcasinos_slot_thumb":"","smashcasinos_slot_thumb_id":"","smashcasinos_slot_score":"","smashcasinos_slot_review_text":"","smashcasinos_slot_review":""},"smashcasinos_home_options":{"smashcasinos_home_title":"Mejores sitios web de juegos de azar espa\u00f1oles","smashcasinos_home_casinos":["4444","5046","5723","5670"]}},"_links":{"self":[{"href":"https:\/\/smashcasinos.com\/es\/wp-json\/wp\/v2\/pages\/2613","targetHints":{"allow":["GET"]}}],"collection":[{"href":"https:\/\/smashcasinos.com\/es\/wp-json\/wp\/v2\/pages"}],"about":[{"href":"https:\/\/smashcasinos.com\/es\/wp-json\/wp\/v2\/types\/page"}],"author":[{"embeddable":true,"href":"https:\/\/smashcasinos.com\/es\/wp-json\/wp\/v2\/users\/1"}],"replies":[{"embeddable":true,"href":"https:\/\/smashcasinos.com\/es\/wp-json\/wp\/v2\/comments?post=2613"}],"version-history":[{"count":2,"href":"https:\/\/smashcasinos.com\/es\/wp-json\/wp\/v2\/pages\/2613\/revisions"}],"predecessor-version":[{"id":8661,"href":"https:\/\/smashcasinos.com\/es\/wp-json\/wp\/v2\/pages\/2613\/revisions\/8661"}],"wp:attachment":[{"href":"https:\/\/smashcasinos.com\/es\/wp-json\/wp\/v2\/media?parent=2613"}],"curies":[{"name":"wp","href":"https:\/\/api.w.org\/{rel}","templated":true}]}}