{"id":2102,"date":"2019-10-21T17:24:46","date_gmt":"2019-10-21T17:24:46","guid":{"rendered":"https:\/\/smashcasinos.com\/?page_id=2102"},"modified":"2021-01-31T22:39:02","modified_gmt":"2021-01-31T22:39:02","slug":"online-glucksspiel","status":"publish","type":"page","link":"https:\/\/smashcasinos.com\/de\/","title":{"rendered":"Online Casinos"},"content":{"rendered":"\n<p>Das Vertrauen in Ihre Gl\u00fccksspiel-Website ist wirklich wichtig, denn wenn Sie den falschen Zug machen und mit einer Schurken-Website enden, k\u00f6nnten Sie mehr als ein wenig Kleingeld verlieren. Sie geben einer Online-Gl\u00fccksspielseite m\u00f6glicherweise Ihre Bankverbindung an, ganz zu schweigen von Ihrem physischen Bargeld in Form Ihrer Einzahlungen. Es lohnt sich wirklich, sicherzustellen, dass Sie mit dem, mit dem Sie es zu tun haben, zufrieden sind, bevor Sie sich auf der digitalen Leitung anmelden. Um ein wenig Hausaufgaben zu machen, lohnt es sich, sicherzustellen, dass Sie die erforderliche Sorgfaltspflicht durchf\u00fchren, bevor Sie sich zu sehr engagieren.<\/p>\n\n\n<a class=\"btn-more\" data-more=\"Weiterlesen\"  data-less=\"Read Less\" href=\"#\">Weiterlesen<\/a>\n\n\n\n<p>Nun, Sie haben Gl\u00fcck! Wir haben all die harte Arbeit f\u00fcr Sie geleistet! Alle hier auf SmashCasinos.com aufgef\u00fchrten mobilen Gl\u00fccksspielseiten sind lizenziert, reguliert und sicher. Nicht nur das, sondern sie alle haben eine gute Auswahl an Gl\u00fccksspielen und schnellen Auszahlungen. Sie k\u00f6nnen umfassende Bewertungen aller unserer <a href=\"https:\/\/smashcasinos.com\/de\/online-casinos\/\">empfohlenen Online-Casinos<\/a> lesen, sowie <a href=\"https:\/\/smashcasinos.com\/de\/online-slots\/\">kostenlose Spielautomaten spielen<\/a> und lernen, wie man <a href=\"https:\/\/smashcasinos.com\/de\/online-roulette\/\">Roulette<\/a> und <a href=\"https:\/\/smashcasinos.com\/de\/online-blackjack\/\">Blackjack<\/a> spielt.<\/p>\n","protected":false},"excerpt":{"rendered":"<p>Das Vertrauen in Ihre Gl\u00fccksspiel-Website ist wirklich wichtig, denn wenn Sie den falschen Zug machen und mit einer Schurken-Website enden, k\u00f6nnten Sie mehr als ein wenig Kleingeld verlieren. Sie geben einer Online-Gl\u00fccksspielseite m\u00f6glicherweise Ihre Bankverbindung an, ganz zu schweigen von Ihrem physischen Bargeld in Form Ihrer Einzahlungen. Es lohnt sich wirklich, sicherzustellen, dass Sie mit &hellip; <a href=\"https:\/\/smashcasinos.com\/de\/\">Continued<\/a><\/p>\n","protected":false},"author":1,"featured_media":0,"parent":0,"menu_order":0,"comment_status":"closed","ping_status":"closed","template":"","meta":{"footnotes":""},"class_list":["post-2102","page","type-page","status-publish","hentry"],"yoast_head":"<!-- This site is optimized with the Yoast SEO Premium plugin v24.3 (Yoast SEO v24.3) - https:\/\/yoast.com\/wordpress\/plugins\/seo\/ -->\n<title>Online Casinos Deutschland | Beste Echtgeld Casinos (2021)<\/title>\n<meta name=\"description\" content=\"Werden Sie Mitglied in den besten Online-Casinos Deutschlands. Lesen Sie zuverl\u00e4ssige Casino-Bewertungen, um sich f\u00fcr die besten Casino-Websites anzumelden.\" \/>\n<meta name=\"robots\" content=\"index, follow, max-snippet:-1, max-image-preview:large, max-video-preview:-1\" \/>\n<link rel=\"canonical\" href=\"https:\/\/smashcasinos.com\/de\/\" \/>\n<meta property=\"og:locale\" content=\"de_DE\" \/>\n<meta property=\"og:type\" content=\"article\" \/>\n<meta property=\"og:title\" content=\"Online Casinos\" \/>\n<meta property=\"og:description\" content=\"Werden Sie Mitglied in den besten Online-Casinos Deutschlands. Lesen Sie zuverl\u00e4ssige Casino-Bewertungen, um sich f\u00fcr die besten Casino-Websites anzumelden.\" \/>\n<meta property=\"og:url\" content=\"https:\/\/smashcasinos.com\/de\/\" \/>\n<meta property=\"og:site_name\" content=\"Home\" \/>\n<meta property=\"article:modified_time\" content=\"2021-01-31T22:39:02+00:00\" \/>\n<meta name=\"twitter:card\" content=\"summary_large_image\" \/>\n<meta name=\"twitter:label1\" content=\"Est. reading time\" \/>\n\t<meta name=\"twitter:data1\" content=\"1 minute\" \/>\n<script type=\"application\/ld+json\" class=\"yoast-schema-graph\">{\"@context\":\"https:\/\/schema.org\",\"@graph\":[{\"@type\":\"WebPage\",\"@id\":\"https:\/\/smashcasinos.com\/de\/\",\"url\":\"https:\/\/smashcasinos.com\/de\/\",\"name\":\"Online Casinos Deutschland | Beste Echtgeld Casinos (2021)\",\"isPartOf\":{\"@id\":\"https:\/\/david.test\/#website\"},\"datePublished\":\"2019-10-21T17:24:46+00:00\",\"dateModified\":\"2021-01-31T22:39:02+00:00\",\"description\":\"Werden Sie Mitglied in den besten Online-Casinos Deutschlands. Lesen Sie zuverl\u00e4ssige Casino-Bewertungen, um sich f\u00fcr die besten Casino-Websites anzumelden.\",\"breadcrumb\":{\"@id\":\"https:\/\/smashcasinos.com\/de\/#breadcrumb\"},\"inLanguage\":\"de-DE\",\"potentialAction\":[{\"@type\":\"ReadAction\",\"target\":[\"https:\/\/smashcasinos.com\/de\/\"]}]},{\"@type\":\"BreadcrumbList\",\"@id\":\"https:\/\/smashcasinos.com\/de\/#breadcrumb\",\"itemListElement\":[{\"@type\":\"ListItem\",\"position\":1,\"name\":\"Home\",\"item\":\"https:\/\/david.test\/\"},{\"@type\":\"ListItem\",\"position\":2,\"name\":\"Online Casinos\"}]},{\"@type\":\"WebSite\",\"@id\":\"https:\/\/david.test\/#website\",\"url\":\"https:\/\/david.test\/\",\"name\":\"Home\",\"description\":\"SmashCasinos\",\"publisher\":{\"@id\":\"https:\/\/david.test\/#organization\"},\"potentialAction\":[{\"@type\":\"SearchAction\",\"target\":{\"@type\":\"EntryPoint\",\"urlTemplate\":\"https:\/\/david.test\/?s={search_term_string}\"},\"query-input\":{\"@type\":\"PropertyValueSpecification\",\"valueRequired\":true,\"valueName\":\"search_term_string\"}}],\"inLanguage\":\"de-DE\"},{\"@type\":\"Organization\",\"@id\":\"https:\/\/david.test\/#organization\",\"name\":\"SmashCasinos\",\"url\":\"https:\/\/david.test\/\",\"logo\":{\"@type\":\"ImageObject\",\"inLanguage\":\"de-DE\",\"@id\":\"https:\/\/david.test\/#\/schema\/logo\/image\/\",\"url\":\"https:\/\/smashcasinos.com\/wp-content\/uploads\/2021\/01\/smash-casinos-inverted.png\",\"contentUrl\":\"https:\/\/smashcasinos.com\/wp-content\/uploads\/2021\/01\/smash-casinos-inverted.png\",\"width\":1734,\"height\":388,\"caption\":\"SmashCasinos\"},\"image\":{\"@id\":\"https:\/\/david.test\/#\/schema\/logo\/image\/\"}}]}<\/script>\n<!-- \/ Yoast SEO Premium plugin. -->","yoast_head_json":{"title":"Online Casinos Deutschland | Beste Echtgeld Casinos (2021)","description":"Werden Sie Mitglied in den besten Online-Casinos Deutschlands. Lesen Sie zuverl\u00e4ssige Casino-Bewertungen, um sich f\u00fcr die besten Casino-Websites anzumelden.","robots":{"index":"index","follow":"follow","max-snippet":"max-snippet:-1","max-image-preview":"max-image-preview:large","max-video-preview":"max-video-preview:-1"},"canonical":"https:\/\/smashcasinos.com\/de\/","og_locale":"de_DE","og_type":"article","og_title":"Online Casinos","og_description":"Werden Sie Mitglied in den besten Online-Casinos Deutschlands. Lesen Sie zuverl\u00e4ssige Casino-Bewertungen, um sich f\u00fcr die besten Casino-Websites anzumelden.","og_url":"https:\/\/smashcasinos.com\/de\/","og_site_name":"Home","article_modified_time":"2021-01-31T22:39:02+00:00","twitter_card":"summary_large_image","twitter_misc":{"Est. reading time":"1 minute"},"schema":{"@context":"https:\/\/schema.org","@graph":[{"@type":"WebPage","@id":"https:\/\/smashcasinos.com\/de\/","url":"https:\/\/smashcasinos.com\/de\/","name":"Online Casinos Deutschland | Beste Echtgeld Casinos (2021)","isPartOf":{"@id":"https:\/\/david.test\/#website"},"datePublished":"2019-10-21T17:24:46+00:00","dateModified":"2021-01-31T22:39:02+00:00","description":"Werden Sie Mitglied in den besten Online-Casinos Deutschlands. Lesen Sie zuverl\u00e4ssige Casino-Bewertungen, um sich f\u00fcr die besten Casino-Websites anzumelden.","breadcrumb":{"@id":"https:\/\/smashcasinos.com\/de\/#breadcrumb"},"inLanguage":"de-DE","potentialAction":[{"@type":"ReadAction","target":["https:\/\/smashcasinos.com\/de\/"]}]},{"@type":"BreadcrumbList","@id":"https:\/\/smashcasinos.com\/de\/#breadcrumb","itemListElement":[{"@type":"ListItem","position":1,"name":"Home","item":"https:\/\/david.test\/"},{"@type":"ListItem","position":2,"name":"Online Casinos"}]},{"@type":"WebSite","@id":"https:\/\/david.test\/#website","url":"https:\/\/david.test\/","name":"Home","description":"SmashCasinos","publisher":{"@id":"https:\/\/david.test\/#organization"},"potentialAction":[{"@type":"SearchAction","target":{"@type":"EntryPoint","urlTemplate":"https:\/\/david.test\/?s={search_term_string}"},"query-input":{"@type":"PropertyValueSpecification","valueRequired":true,"valueName":"search_term_string"}}],"inLanguage":"de-DE"},{"@type":"Organization","@id":"https:\/\/david.test\/#organization","name":"SmashCasinos","url":"https:\/\/david.test\/","logo":{"@type":"ImageObject","inLanguage":"de-DE","@id":"https:\/\/david.test\/#\/schema\/logo\/image\/","url":"https:\/\/smashcasinos.com\/wp-content\/uploads\/2021\/01\/smash-casinos-inverted.png","contentUrl":"https:\/\/smashcasinos.com\/wp-content\/uploads\/2021\/01\/smash-casinos-inverted.png","width":1734,"height":388,"caption":"SmashCasinos"},"image":{"@id":"https:\/\/david.test\/#\/schema\/logo\/image\/"}}]}},"cmb2":{"smashcasinos_slot_options":{"smashcasinos_slot_provider":"","smashcasinos_slot_fcasinos":"","smashcasinos_slot_casinos":"","smashcasinos_slot_demo_iframe":"","smashcasinos_slot_demo_bg_image":"","smashcasinos_slot_demo_bg_image_id":"","smashcasinos_slot_demo_bg_color":"","smashcasinos_slot_demo_preview_image":"","smashcasinos_slot_demo_preview_image_id":"","smashcasinos_slot_thumb":"","smashcasinos_slot_thumb_id":"","smashcasinos_slot_score":"","smashcasinos_slot_review_text":"","smashcasinos_slot_review":""},"smashcasinos_home_options":{"smashcasinos_home_title":"Empfohlene deutsche Handy-Gl\u00fccksspielseiten","smashcasinos_home_casinos":""}},"_links":{"self":[{"href":"https:\/\/smashcasinos.com\/de\/wp-json\/wp\/v2\/pages\/2102","targetHints":{"allow":["GET"]}}],"collection":[{"href":"https:\/\/smashcasinos.com\/de\/wp-json\/wp\/v2\/pages"}],"about":[{"href":"https:\/\/smashcasinos.com\/de\/wp-json\/wp\/v2\/types\/page"}],"author":[{"embeddable":true,"href":"https:\/\/smashcasinos.com\/de\/wp-json\/wp\/v2\/users\/1"}],"replies":[{"embeddable":true,"href":"https:\/\/smashcasinos.com\/de\/wp-json\/wp\/v2\/comments?post=2102"}],"version-history":[{"count":2,"href":"https:\/\/smashcasinos.com\/de\/wp-json\/wp\/v2\/pages\/2102\/revisions"}],"predecessor-version":[{"id":8664,"href":"https:\/\/smashcasinos.com\/de\/wp-json\/wp\/v2\/pages\/2102\/revisions\/8664"}],"wp:attachment":[{"href":"https:\/\/smashcasinos.com\/de\/wp-json\/wp\/v2\/media?parent=2102"}],"curies":[{"name":"wp","href":"https:\/\/api.w.org\/{rel}","templated":true}]}}